{"id":636,"date":"2017-01-27T16:48:45","date_gmt":"2017-01-27T15:48:45","guid":{"rendered":"http:\/\/www.jordi-mimeclown.com\/2entwurf\/colophon\/"},"modified":"2017-02-01T17:59:53","modified_gmt":"2017-02-01T16:59:53","slug":"impressum","status":"publish","type":"page","link":"https:\/\/www.jordi-mimeclown.com\/de\/impressum\/","title":{"rendered":"Impressum"},"content":{"rendered":"\n<style type=\"text\/css\" data-created_by=\"avia_inline_auto\" id=\"style-css-av-av_heading-4b596f690e7e7233ee8e8b7058473554\">\n#top .av-special-heading.av-av_heading-4b596f690e7e7233ee8e8b7058473554{\npadding-bottom:25px;\nfont-size:36px;\n}\nbody .av-special-heading.av-av_heading-4b596f690e7e7233ee8e8b7058473554 .av-special-heading-tag .heading-char{\nfont-size:25px;\n}\n#top #wrap_all .av-special-heading.av-av_heading-4b596f690e7e7233ee8e8b7058473554 .av-special-heading-tag{\nfont-size:36px;\n}\n.av-special-heading.av-av_heading-4b596f690e7e7233ee8e8b7058473554 .av-subheading{\nfont-size:15px;\n}\n\n@media only screen and (min-width: 480px) and (max-width: 767px){ \n#top #wrap_all .av-special-heading.av-av_heading-4b596f690e7e7233ee8e8b7058473554 .av-special-heading-tag{\nfont-size:0.8em;\n}\n}\n\n@media only screen and (max-width: 479px){ \n#top #wrap_all .av-special-heading.av-av_heading-4b596f690e7e7233ee8e8b7058473554 .av-special-heading-tag{\nfont-size:0.8em;\n}\n}\n<\/style>\n<div  class='av-special-heading av-av_heading-4b596f690e7e7233ee8e8b7058473554 av-special-heading-h1 blockquote modern-quote  avia-builder-el-0  el_before_av_one_half  avia-builder-el-first  av-inherit-size'><h1 class='av-special-heading-tag '  itemprop=\"headline\"  >Impressum<\/h1><div class=\"special-heading-border\"><div class=\"special-heading-inner-border\"><\/div><\/div><\/div>\n\n<style type=\"text\/css\" data-created_by=\"avia_inline_auto\" id=\"style-css-av-av_one_half-6126cab7d8fab8d08143dd2dacdf673c\">\n.flex_column.av-av_one_half-6126cab7d8fab8d08143dd2dacdf673c{\nborder-radius:0px 0px 0px 0px;\npadding:0px 0px 0px 0px;\n}\n<\/style>\n<div  class='flex_column av-av_one_half-6126cab7d8fab8d08143dd2dacdf673c av_one_half  avia-builder-el-1  el_after_av_heading  el_before_av_one_half  first flex_column_div av-zero-column-padding  '     ><section  class='av_textblock_section av-av_textblock-0366cc7376be6c9e82a3e9cc8987b64f '   itemscope=\"itemscope\" itemtype=\"https:\/\/schema.org\/CreativeWork\" ><div class='avia_textblock'  itemprop=\"text\" ><p><strong>Verantwortlich f\u00fcr den Inhalt:<\/strong><br \/>\nJordi Beltramo<br \/>\n39012 MERAN (BZ)<br \/>\nKatzensteinstra\u00dfe\u00a020\/A<br \/>\nTel. +39 347 713 77 43<br \/>\nSteuer-Nr.: BLR JRD 77S06 D205N<br \/>\nEmail: <a href=\"mailto:info@jordi-mimeclown.com\">info[at]jordi-mimeclown.com<\/a><br \/>\nWeb: <a href=\"https:\/\/www.jordi-mimeclown.com\">www.jordi-mimeclown.com<\/a><\/p>\n<\/div><\/section><\/div>\n<style type=\"text\/css\" data-created_by=\"avia_inline_auto\" id=\"style-css-av-av_one_half-0aa7055fe62c3622faec82866afbaeb2\">\n.flex_column.av-av_one_half-0aa7055fe62c3622faec82866afbaeb2{\nborder-radius:0px 0px 0px 0px;\npadding:0px 0px 0px 0px;\n}\n<\/style>\n<div  class='flex_column av-av_one_half-0aa7055fe62c3622faec82866afbaeb2 av_one_half  avia-builder-el-3  el_after_av_one_half  el_before_av_section  avia-builder-el-last  flex_column_div av-zero-column-padding  '     ><section  class='av_textblock_section av-av_textblock-0366cc7376be6c9e82a3e9cc8987b64f '   itemscope=\"itemscope\" itemtype=\"https:\/\/schema.org\/CreativeWork\" ><div class='avia_textblock'  itemprop=\"text\" ><p><strong>Mit freundlicher Unterst\u00fctzung von:<\/strong><br \/>\nandale grafic<br \/>\nAndreas Ortner &amp; Peter Duschek<br \/>\nI-39012 MERAN (BZ)<br \/>\nPasseirergasse,\u00a02\/A<br \/>\nTel. +39 0473 690989<br \/>\nEmail: <a href=\"mailto:office@andale.info\">office[at]andale.info<\/a><br \/>\nWeb: <a href=\"http:\/\/andale.info\/\" target=\"_blank\">andale.info<\/a><\/p>\n<\/div><\/section><\/div><\/div><\/div><\/div><!-- close content main div --><\/div><\/div><div id='av_section_1'  class='avia-section av-av_section-89fd8439b4682c2dd7e267cb09130922 alternate_color avia-section-default avia-no-border-styling  avia-builder-el-5  el_after_av_one_half  avia-builder-el-last  avia-bg-style-scroll container_wrap fullsize'  ><div class='container av-section-cont-open' ><div class='template-page content  av-content-full alpha units'><div class='post-entry post-entry-type-page post-entry-636'><div class='entry-content-wrapper clearfix'>\n<section  class='av_textblock_section av-av_textblock-0366cc7376be6c9e82a3e9cc8987b64f '   itemscope=\"itemscope\" itemtype=\"https:\/\/schema.org\/CreativeWork\" ><div class='avia_textblock'  itemprop=\"text\" ><p><strong>COPYRIGHT:<\/strong><br \/>\nDas Layout der Homepage, die verwendeten Grafiken sowie die Inhalte des Internetauftritts jordi-mimeclown.com des Jordi Beltramo sind urheberrechtlich gesch\u00fctzt. Die Vervielf\u00e4ltigung von Informationen, insbesondere die Verwendung von Bildmaterial und Texten bedarf der vorherigen schriftlichen Genehmigung von jordi-mimeclown.com des Jordi Beltramo.<\/p>\n<p><strong>HAFTUNGSAUSSCHLUSS:<\/strong><br \/>\njordi-mimeclown.com des Jordi Beltramo bem\u00fcht sich, nach bestem Verm\u00f6gen daf\u00fcr Sorge zu tragen, dass die in diesem Internetauftritt enthaltenen Informationen zutreffend sind. Eine Haftung oder Garantie f\u00fcr die Aktualit\u00e4t, Richtigkeit und Vollst\u00e4ndigkeit der zur Verf\u00fcgung gestellten Informationen ist jedoch ausgeschlossen. Ferner ist jordi-mimeclown.com des Jordi Beltramo f\u00fcr den Inhalt der \u00fcber Hyperlink extern verbundenen Internetauftritte nicht verantwortlich. jordi-mimeclown.com des Jordi Beltramo beh\u00e4lt sich vor, ohne Ank\u00fcndigung, \u00c4nderungen oder Erg\u00e4nzungen der bereitgestellten Informationen vorzunehmen.<\/p>\n<p><strong>DATENSCHUTZ (PRIVACY):<\/strong><br \/>\nDie von Ihnen gelieferten Daten werden ausschlie\u00dflich f\u00fcr die Bearbeitung Ihrer Anfrage verwendet und werden nicht an Dritte weitergegeben (laut Gesetz Nr. 665\/669 \u201ePrivacy\u201c: Im Sinne der Art. 10 und 13 des Gesetzes Nr. 675 vom 31.12.1996 und nachfolgender \u00c4nderungen, welche die Behandlung von pers\u00f6nlichen Daten betreffen). Wir distanzieren uns von jeglicher Spam-Werbung und sind stets bem\u00fcht, ungewollte und unn\u00f6tige Mails zu vermeiden.<\/p>\n<p><strong>INHABER DER DATENVERARBEITUNG:<\/strong><br \/>\nInhaber und Verwalter der Daten ist jordi-mimeclown.com des Jordi Beltramo mit Sitz 39012 Meran, Katzensteinstr. 20\/A, in der Person des gesetzlichen Vertreters.<\/p>\n<p><strong>AUSSCHLUSS DER VERANTWORTUNG:<\/strong><br \/>\njordi-mimeclown.com des Jordi Beltramo ist nicht verantwortlich f\u00fcr die Verarbeitung von personenbezogenen Daten, welche an Dritte weitergeleitet wurden.<\/p>\n<p><strong>GOOGLE ANALYTICS:<\/strong><br \/>\nDiese Website benutzt Google Analytics, einen Webanalysedienst der Google Inc. (\u201cGoogle\u201d). Dieses Programm verwendet sog. \u201cCookies\u201d, Textdateien, die auf Ihrem Computer gespeichert werden und die eine Analyse der Benutzung der Website durch Sie erm\u00f6glichen. Die durch das Cookie erzeugte Informationen \u00fcber Ihre Benutzung dieser Website (einschlie\u00dflich Ihrer IP-Adresse) werden an einen Server von Google \u00fcbertragen und dort gespeichert. Google werden diese Informationen benutzen, um Ihre Nutzung der Website auszuwerten, um Reports \u00fcber die Websiteaktivit\u00e4ten f\u00fcr die Websitebetreiber zusammenzustellen und um weitere mit der Websitenutzung und der Internetnutzung verbundene Dienstleistungen zu erbringen. Auch werden Google diese Informationen gegebenenfalls an Dritte \u00fcbertragen, sofern dies gesetzlich vorgeschrieben ist oder soweit Dritte diese Daten im Auftrag von Google verarbeiten. Google werden in keinem Fall Ihre IP-Adresse mit anderen Daten von Google in Verbindung bringen. Sie k\u00f6nnen die Installation der Cookies durch eine entsprechende Einstellung Ihrer Browser-Software verhindern; wir weisen Sie jedoch darauf hin, dass Sie in diesem Fall gegebenenfalls nicht s\u00e4mtliche Funktionen dieser Website in vollem Umfang nutzen k\u00f6nnen. Durch die Nutzung dieser Website erkl\u00e4ren Sie sich mit der Bearbeitung der \u00fcber Sie erhobenen Daten durch Google in der zuvor beschriebenen Art und Weise und zu dem zuvor benannten Zweck einverstanden.<\/p>\n<p><strong>WAS SIND COOKIES?<\/strong><br \/>\nCookies sind kleine Textdateien, die auf Ihrem Computer abgelegt werden, wenn Sie bestimmte Websites besuchen.<br \/>\nWir verwenden Cookies f\u00fcr diese Website und -Subdomains \u2013 wobei wir den Benutzer um seine Zustimmung bitten, wo dies ausdr\u00fccklich per Gesetz oder anderen einschl\u00e4gigen Bestimmungen verlangt wird \u2013, um dem Benutzer das Navigieren zu erleichtern und die an den Benutzer \u00fcbermittelten Informationen zu personalisieren. Wir verwenden dar\u00fcber hinaus entsprechende Systeme, um Informationen \u00fcber den Benutzer zu sammeln, wie zum Beispiel seine IP-Adresse, den verwendeten Browser und das Betriebssystem und\/oder von einem Benutzer besuchte Websites f\u00fcr Sicherheits- und Statistikzwecke. Wenn Sie entscheiden, Cookies zu deaktivieren oder abzulehnen, k\u00f6nnen Sie auf einige Teile dieser Website und mit ihr verbundener Subdomains m\u00f6glicherweise nicht zugreifen oder sie funktionieren nicht ordnungsgem\u00e4\u00df. Um eine vollst\u00e4ndige und problemlose Nutzung dieser Website zu gew\u00e4hrleisten, sollten Sie Ihren Browser so einrichten, dass er diese Cookies akzeptiert. Die Cookies stellen f\u00fcr Ihren Computer, Ihr Tablet oder Ihr Smartphone keine Gefahr dar. Die von dieser Website und -Subdomains erzeugten Cookies enthalten keine personenbezogenen Informationen, die zur Identifizierung des Benutzers verwendet werden k\u00f6nnen, sondern nur verschl\u00fcsselte Daten.<\/p>\n<p>Diese Website und mit ihr verbundenen Subdomains verwenden die folgenden Arten von Cookies:<br \/>\nNAVIGATIONSCOOKIES \u2013 Diese Cookies erm\u00f6glichen die Navigation auf der Website und die Nutzung ihrer Funktionen. Ohne Cookies k\u00f6nnen Sie m\u00f6glicherweise nicht auf diese Funktionen zugreifen oder sie funktionieren nicht ordnungsgem\u00e4\u00df.<br \/>\nDie absolut n\u00f6tigen Cookies dienen dazu, eine Kennung zu speichern, sodass wir jeden Benutzer eindeutig identifizieren und einen einheitlichen und genau abgestimmten Dienst bereitstellen k\u00f6nnen.<\/p>\n<p>LEISTUNGSCOOKIES \u2013 Diese Cookies k\u00f6nnen von uns selbst oder von einem unserer Partner stammen; es kann sich dabei um Sitzungscookies oder um permanente Cookies handeln. Sie dienen nur der Website-Performance und Verbesserung. Diese Cookies sammeln keine Informationen, mit denen der Benutzer identifiziert werden kann. Alle Informationen, die mithilfe dieser Cookies gesammelt werden, werden in anonymer Form zusammengefasst und nur zur Verbesserung der Funktionalit\u00e4t der Website genutzt.<\/p>\n<p>FUNTIONSCOOKIES \u2013 Cookies werden normalerweise infolge einer Handlung des Benutzers auf seinem Computer abgelegt, jedoch k\u00f6nnen sie auch empfangen werden, wenn dem Benutzer ein Dienst angeboten wird, ohne dass dieser ausdr\u00fccklich angefordert wurde. Sie k\u00f6nnen dazu dienen zu verhindern, dass derselbe Dienst demselben Benutzer mehr als einmal angeboten wird. Dar\u00fcber hinaus erm\u00f6glichen diese Cookies der Website, Entscheidungen des Benutzers nachzuhalten. Die von diesen Cookies gesammelten Informationen sind anonym und k\u00f6nnen nicht dazu verwendet werden, das Verhalten des Benutzers auf anderen Websites zu beurteilen.<\/p>\n<p>COOKIES VON DRITTEN F\u00dcR MARKETING-\/RETARGETINGZWECKE \u2013 Diese Cookies werden von Partnern dieser Webseite eingesetzt, um unsere Werbung einzublenden, wenn Sie andere Websites besuchen, und zum Beispiel die Produkte anzuzeigen, die Sie sich zuletzt auf unserer Website angesehen haben. Diese Cookies k\u00f6nnen auch dazu verwendet werden, Produkte zu zeigen, die Sie m\u00f6glicherweise interessieren oder die anderen Produkten \u00e4hneln, die Sie sich zuvor angesehen haben. Diese Cookies sind nicht mit der Verarbeitung personenbezogener Informationen verbunden, k\u00f6nnen aber den Zugriff auf den Browser erm\u00f6glichen, der auf Ihrem Computer oder anderen Ger\u00e4ten installiert ist.<\/p>\n<p>COOKIES DEAKTIVIEREN \u2013 Datenschutzgesetze geben Benutzern die M\u00f6glichkeit, Cookies zu deaktivieren (\u201eopt out\u201c), die bereits auf ihrem Ger\u00e4t installiert sind. Diese Option gilt f\u00fcr \u201etechnische Cookies\u201c (Art. 122 des italienischen Datenschutzgesetzes) und andere Cookies, die der Benutzer zuvor akzeptiert (\u201eopt in\u201c) hat. Der Benutzer kann Cookies anhand von Browsereinstellungen deaktivieren und\/oder l\u00f6schen (\u201eopt out\u201c) und einzelne nicht technische Cookies von Dritten deaktivieren und\/oder l\u00f6schen, wie auf der Website der European Interactive Digital Advertising Alliance erkl\u00e4rt wird: www.youronlinechoices.eu.<\/p>\n<\/div><\/section>\n<\/p>\n","protected":false},"excerpt":{"rendered":"","protected":false},"author":5021,"featured_media":559,"parent":0,"menu_order":0,"comment_status":"closed","ping_status":"closed","template":"","meta":{"footnotes":""},"class_list":["post-636","page","type-page","status-publish","has-post-thumbnail","hentry"],"yoast_head":"<!-- This site is optimized with the Yoast SEO plugin v27.5 - https:\/\/yoast.com\/product\/yoast-seo-wordpress\/ -->\n<title>Impressum Jordi Beltramo \/ Clown Pantomime Performer Events Strassenk\u00fcnstler Meran<\/title>\n<meta name=\"description\" content=\"Impressum Jordi Beltramo: St.-Nr.: BLR JRD 77S06 D205N \/ I-39012 Meran (BZ) \/ Katzensteinstr. 20\/A \/ Email: info@jordi-mimeclown.com \/ Tel. +39 347 713 7743\" \/>\n<meta name=\"robots\" content=\"index, follow, max-snippet:-1, max-image-preview:large, max-video-preview:-1\" \/>\n<link rel=\"canonical\" href=\"https:\/\/www.jordi-mimeclown.com\/de\/impressum\/\" \/>\n<meta property=\"og:locale\" content=\"de_DE\" \/>\n<meta property=\"og:type\" content=\"article\" \/>\n<meta property=\"og:title\" content=\"Impressum Jordi Beltramo \/ Clown Pantomime Performer Events Strassenk\u00fcnstler Meran\" \/>\n<meta property=\"og:description\" content=\"Impressum Jordi Beltramo: St.-Nr.: BLR JRD 77S06 D205N \/ I-39012 Meran (BZ) \/ Katzensteinstr. 20\/A \/ Email: info@jordi-mimeclown.com \/ Tel. +39 347 713 7743\" \/>\n<meta property=\"og:url\" content=\"https:\/\/www.jordi-mimeclown.com\/de\/impressum\/\" \/>\n<meta property=\"og:site_name\" content=\"Jordi Beltramo \/ Mime Clown Performer\" \/>\n<meta property=\"article:publisher\" content=\"https:\/\/www.facebook.com\/jordi.beltramo\" \/>\n<meta property=\"article:modified_time\" content=\"2017-02-01T16:59:53+00:00\" \/>\n<meta property=\"og:image\" content=\"https:\/\/www.jordi-mimeclown.com\/wp-content\/uploads\/2017\/01\/jordi_logo-credits.png\" \/>\n\t<meta property=\"og:image:width\" content=\"1030\" \/>\n\t<meta property=\"og:image:height\" content=\"687\" \/>\n\t<meta property=\"og:image:type\" content=\"image\/png\" \/>\n<meta name=\"twitter:card\" content=\"summary_large_image\" \/>\n<meta name=\"twitter:label1\" content=\"Gesch\u00e4tzte Lesezeit\" \/>\n\t<meta name=\"twitter:data1\" content=\"7\u00a0Minuten\" \/>\n<script type=\"application\/ld+json\" class=\"yoast-schema-graph\">{\"@context\":\"https:\\\/\\\/schema.org\",\"@graph\":[{\"@type\":\"WebPage\",\"@id\":\"https:\\\/\\\/www.jordi-mimeclown.com\\\/de\\\/impressum\\\/\",\"url\":\"https:\\\/\\\/www.jordi-mimeclown.com\\\/de\\\/impressum\\\/\",\"name\":\"Impressum Jordi Beltramo \\\/ Clown Pantomime Performer Events Strassenk\u00fcnstler Meran\",\"isPartOf\":{\"@id\":\"https:\\\/\\\/www.jordi-mimeclown.com\\\/de\\\/#website\"},\"primaryImageOfPage\":{\"@id\":\"https:\\\/\\\/www.jordi-mimeclown.com\\\/de\\\/impressum\\\/#primaryimage\"},\"image\":{\"@id\":\"https:\\\/\\\/www.jordi-mimeclown.com\\\/de\\\/impressum\\\/#primaryimage\"},\"thumbnailUrl\":\"https:\\\/\\\/www.jordi-mimeclown.com\\\/wp-content\\\/uploads\\\/2017\\\/01\\\/jordi_logo-credits.png\",\"datePublished\":\"2017-01-27T15:48:45+00:00\",\"dateModified\":\"2017-02-01T16:59:53+00:00\",\"description\":\"Impressum Jordi Beltramo: St.-Nr.: BLR JRD 77S06 D205N \\\/ I-39012 Meran (BZ) \\\/ Katzensteinstr. 20\\\/A \\\/ Email: info@jordi-mimeclown.com \\\/ Tel. +39 347 713 7743\",\"breadcrumb\":{\"@id\":\"https:\\\/\\\/www.jordi-mimeclown.com\\\/de\\\/impressum\\\/#breadcrumb\"},\"inLanguage\":\"de\",\"potentialAction\":[{\"@type\":\"ReadAction\",\"target\":[\"https:\\\/\\\/www.jordi-mimeclown.com\\\/de\\\/impressum\\\/\"]}]},{\"@type\":\"ImageObject\",\"inLanguage\":\"de\",\"@id\":\"https:\\\/\\\/www.jordi-mimeclown.com\\\/de\\\/impressum\\\/#primaryimage\",\"url\":\"https:\\\/\\\/www.jordi-mimeclown.com\\\/wp-content\\\/uploads\\\/2017\\\/01\\\/jordi_logo-credits.png\",\"contentUrl\":\"https:\\\/\\\/www.jordi-mimeclown.com\\\/wp-content\\\/uploads\\\/2017\\\/01\\\/jordi_logo-credits.png\",\"width\":1030,\"height\":687,\"caption\":\"Impressum\"},{\"@type\":\"BreadcrumbList\",\"@id\":\"https:\\\/\\\/www.jordi-mimeclown.com\\\/de\\\/impressum\\\/#breadcrumb\",\"itemListElement\":[{\"@type\":\"ListItem\",\"position\":1,\"name\":\"Startseite\",\"item\":\"https:\\\/\\\/www.jordi-mimeclown.com\\\/de\\\/clown-pantomime-performer-events-strassenkuenstler-meran\\\/\"},{\"@type\":\"ListItem\",\"position\":2,\"name\":\"Impressum\"}]},{\"@type\":\"WebSite\",\"@id\":\"https:\\\/\\\/www.jordi-mimeclown.com\\\/de\\\/#website\",\"url\":\"https:\\\/\\\/www.jordi-mimeclown.com\\\/de\\\/\",\"name\":\"Jordi Beltramo \\\/ Mime Clown Performer\",\"description\":\"Stra\u00dfentheater \\\/ Events \\\/ Theater \\\/ asfaltart \\\/ TV\",\"publisher\":{\"@id\":\"https:\\\/\\\/www.jordi-mimeclown.com\\\/de\\\/#\\\/schema\\\/person\\\/fca353886a2952f34c6c5a294494e9be\"},\"potentialAction\":[{\"@type\":\"SearchAction\",\"target\":{\"@type\":\"EntryPoint\",\"urlTemplate\":\"https:\\\/\\\/www.jordi-mimeclown.com\\\/de\\\/?s={search_term_string}\"},\"query-input\":{\"@type\":\"PropertyValueSpecification\",\"valueRequired\":true,\"valueName\":\"search_term_string\"}}],\"inLanguage\":\"de\"},{\"@type\":[\"Person\",\"Organization\"],\"@id\":\"https:\\\/\\\/www.jordi-mimeclown.com\\\/de\\\/#\\\/schema\\\/person\\\/fca353886a2952f34c6c5a294494e9be\",\"name\":\"Jordi\",\"image\":{\"@type\":\"ImageObject\",\"inLanguage\":\"de\",\"@id\":\"https:\\\/\\\/secure.gravatar.com\\\/avatar\\\/7f65b1f9bd7ede8a86ebd85dffdca03f3f67f2f1ac46b7a6abc540c3dff0b2ce?s=96&d=identicon&r=g\",\"url\":\"https:\\\/\\\/secure.gravatar.com\\\/avatar\\\/7f65b1f9bd7ede8a86ebd85dffdca03f3f67f2f1ac46b7a6abc540c3dff0b2ce?s=96&d=identicon&r=g\",\"contentUrl\":\"https:\\\/\\\/secure.gravatar.com\\\/avatar\\\/7f65b1f9bd7ede8a86ebd85dffdca03f3f67f2f1ac46b7a6abc540c3dff0b2ce?s=96&d=identicon&r=g\",\"caption\":\"Jordi\"},\"logo\":{\"@id\":\"https:\\\/\\\/secure.gravatar.com\\\/avatar\\\/7f65b1f9bd7ede8a86ebd85dffdca03f3f67f2f1ac46b7a6abc540c3dff0b2ce?s=96&d=identicon&r=g\"},\"sameAs\":[\"https:\\\/\\\/www.jordi-mimeclown.com\",\"https:\\\/\\\/www.facebook.com\\\/jordi.beltramo\",\"https:\\\/\\\/www.instagram.com\\\/jordibeltramo\\\/\",\"https:\\\/\\\/www.youtube.com\\\/channel\\\/UChbi6NHbh_tKZl5cOL8UPrA\"]}]}<\/script>\n<!-- \/ Yoast SEO plugin. -->","yoast_head_json":{"title":"Impressum Jordi Beltramo \/ Clown Pantomime Performer Events Strassenk\u00fcnstler Meran","description":"Impressum Jordi Beltramo: St.-Nr.: BLR JRD 77S06 D205N \/ I-39012 Meran (BZ) \/ Katzensteinstr. 20\/A \/ Email: info@jordi-mimeclown.com \/ Tel. +39 347 713 7743","robots":{"index":"index","follow":"follow","max-snippet":"max-snippet:-1","max-image-preview":"max-image-preview:large","max-video-preview":"max-video-preview:-1"},"canonical":"https:\/\/www.jordi-mimeclown.com\/de\/impressum\/","og_locale":"de_DE","og_type":"article","og_title":"Impressum Jordi Beltramo \/ Clown Pantomime Performer Events Strassenk\u00fcnstler Meran","og_description":"Impressum Jordi Beltramo: St.-Nr.: BLR JRD 77S06 D205N \/ I-39012 Meran (BZ) \/ Katzensteinstr. 20\/A \/ Email: info@jordi-mimeclown.com \/ Tel. +39 347 713 7743","og_url":"https:\/\/www.jordi-mimeclown.com\/de\/impressum\/","og_site_name":"Jordi Beltramo \/ Mime Clown Performer","article_publisher":"https:\/\/www.facebook.com\/jordi.beltramo","article_modified_time":"2017-02-01T16:59:53+00:00","og_image":[{"width":1030,"height":687,"url":"https:\/\/www.jordi-mimeclown.com\/wp-content\/uploads\/2017\/01\/jordi_logo-credits.png","type":"image\/png"}],"twitter_card":"summary_large_image","twitter_misc":{"Gesch\u00e4tzte Lesezeit":"7\u00a0Minuten"},"schema":{"@context":"https:\/\/schema.org","@graph":[{"@type":"WebPage","@id":"https:\/\/www.jordi-mimeclown.com\/de\/impressum\/","url":"https:\/\/www.jordi-mimeclown.com\/de\/impressum\/","name":"Impressum Jordi Beltramo \/ Clown Pantomime Performer Events Strassenk\u00fcnstler Meran","isPartOf":{"@id":"https:\/\/www.jordi-mimeclown.com\/de\/#website"},"primaryImageOfPage":{"@id":"https:\/\/www.jordi-mimeclown.com\/de\/impressum\/#primaryimage"},"image":{"@id":"https:\/\/www.jordi-mimeclown.com\/de\/impressum\/#primaryimage"},"thumbnailUrl":"https:\/\/www.jordi-mimeclown.com\/wp-content\/uploads\/2017\/01\/jordi_logo-credits.png","datePublished":"2017-01-27T15:48:45+00:00","dateModified":"2017-02-01T16:59:53+00:00","description":"Impressum Jordi Beltramo: St.-Nr.: BLR JRD 77S06 D205N \/ I-39012 Meran (BZ) \/ Katzensteinstr. 20\/A \/ Email: info@jordi-mimeclown.com \/ Tel. +39 347 713 7743","breadcrumb":{"@id":"https:\/\/www.jordi-mimeclown.com\/de\/impressum\/#breadcrumb"},"inLanguage":"de","potentialAction":[{"@type":"ReadAction","target":["https:\/\/www.jordi-mimeclown.com\/de\/impressum\/"]}]},{"@type":"ImageObject","inLanguage":"de","@id":"https:\/\/www.jordi-mimeclown.com\/de\/impressum\/#primaryimage","url":"https:\/\/www.jordi-mimeclown.com\/wp-content\/uploads\/2017\/01\/jordi_logo-credits.png","contentUrl":"https:\/\/www.jordi-mimeclown.com\/wp-content\/uploads\/2017\/01\/jordi_logo-credits.png","width":1030,"height":687,"caption":"Impressum"},{"@type":"BreadcrumbList","@id":"https:\/\/www.jordi-mimeclown.com\/de\/impressum\/#breadcrumb","itemListElement":[{"@type":"ListItem","position":1,"name":"Startseite","item":"https:\/\/www.jordi-mimeclown.com\/de\/clown-pantomime-performer-events-strassenkuenstler-meran\/"},{"@type":"ListItem","position":2,"name":"Impressum"}]},{"@type":"WebSite","@id":"https:\/\/www.jordi-mimeclown.com\/de\/#website","url":"https:\/\/www.jordi-mimeclown.com\/de\/","name":"Jordi Beltramo \/ Mime Clown Performer","description":"Stra\u00dfentheater \/ Events \/ Theater \/ asfaltart \/ TV","publisher":{"@id":"https:\/\/www.jordi-mimeclown.com\/de\/#\/schema\/person\/fca353886a2952f34c6c5a294494e9be"},"potentialAction":[{"@type":"SearchAction","target":{"@type":"EntryPoint","urlTemplate":"https:\/\/www.jordi-mimeclown.com\/de\/?s={search_term_string}"},"query-input":{"@type":"PropertyValueSpecification","valueRequired":true,"valueName":"search_term_string"}}],"inLanguage":"de"},{"@type":["Person","Organization"],"@id":"https:\/\/www.jordi-mimeclown.com\/de\/#\/schema\/person\/fca353886a2952f34c6c5a294494e9be","name":"Jordi","image":{"@type":"ImageObject","inLanguage":"de","@id":"https:\/\/secure.gravatar.com\/avatar\/7f65b1f9bd7ede8a86ebd85dffdca03f3f67f2f1ac46b7a6abc540c3dff0b2ce?s=96&d=identicon&r=g","url":"https:\/\/secure.gravatar.com\/avatar\/7f65b1f9bd7ede8a86ebd85dffdca03f3f67f2f1ac46b7a6abc540c3dff0b2ce?s=96&d=identicon&r=g","contentUrl":"https:\/\/secure.gravatar.com\/avatar\/7f65b1f9bd7ede8a86ebd85dffdca03f3f67f2f1ac46b7a6abc540c3dff0b2ce?s=96&d=identicon&r=g","caption":"Jordi"},"logo":{"@id":"https:\/\/secure.gravatar.com\/avatar\/7f65b1f9bd7ede8a86ebd85dffdca03f3f67f2f1ac46b7a6abc540c3dff0b2ce?s=96&d=identicon&r=g"},"sameAs":["https:\/\/www.jordi-mimeclown.com","https:\/\/www.facebook.com\/jordi.beltramo","https:\/\/www.instagram.com\/jordibeltramo\/","https:\/\/www.youtube.com\/channel\/UChbi6NHbh_tKZl5cOL8UPrA"]}]}},"_links":{"self":[{"href":"https:\/\/www.jordi-mimeclown.com\/de\/wp-json\/wp\/v2\/pages\/636","targetHints":{"allow":["GET"]}}],"collection":[{"href":"https:\/\/www.jordi-mimeclown.com\/de\/wp-json\/wp\/v2\/pages"}],"about":[{"href":"https:\/\/www.jordi-mimeclown.com\/de\/wp-json\/wp\/v2\/types\/page"}],"author":[{"embeddable":true,"href":"https:\/\/www.jordi-mimeclown.com\/de\/wp-json\/wp\/v2\/users\/5021"}],"replies":[{"embeddable":true,"href":"https:\/\/www.jordi-mimeclown.com\/de\/wp-json\/wp\/v2\/comments?post=636"}],"version-history":[{"count":0,"href":"https:\/\/www.jordi-mimeclown.com\/de\/wp-json\/wp\/v2\/pages\/636\/revisions"}],"wp:featuredmedia":[{"embeddable":true,"href":"https:\/\/www.jordi-mimeclown.com\/de\/wp-json\/wp\/v2\/media\/559"}],"wp:attachment":[{"href":"https:\/\/www.jordi-mimeclown.com\/de\/wp-json\/wp\/v2\/media?parent=636"}],"curies":[{"name":"wp","href":"https:\/\/api.w.org\/{rel}","templated":true}]}}